{"id":8,"date":"2022-08-26T14:50:10","date_gmt":"2022-08-26T14:50:10","guid":{"rendered":"https:\/\/dakarfoot.com\/?page_id=8"},"modified":"2022-08-26T15:03:35","modified_gmt":"2022-08-26T15:03:35","slug":"equipe-du-senegal-de-football","status":"publish","type":"page","link":"https:\/\/dakarfoot.com\/","title":{"rendered":"\u00c9quipe du S\u00e9n\u00e9gal de football"},"content":{"rendered":"\n<p>Championne d&#8217;Afrique en titre apr\u00e8s une victoire en finale de CAN en f\u00e9vrier 2022 face \u00e0 l&#8217;\u00c9gypte, <a href=\"https:\/\/fr.wikipedia.org\/wiki\/%C3%89quipe_du_S%C3%A9n%C3%A9gal_de_football\">l&#8217;\u00e9quipe nationale du S\u00e9n\u00e9gal<\/a> fait partie des . Elle a vu passer au fil du temps d&#8217;immenses joueurs, <a href=\"https:\/\/fr.wikipedia.org\/wiki\/Henri_Camara\">Henri Camara<\/a>, <a href=\"https:\/\/fr.wikipedia.org\/wiki\/El-Hadji_Diouf\">El Hadji Diouf<\/a> ou encore <a href=\"https:\/\/fr.wikipedia.org\/wiki\/Papa_Bouba_Diop\">Papa Bouba Diop<\/a>.<\/p>\n\n\n\n<p>Son palmar\u00e8s, ses anciens joueurs et entra\u00eeneurs, voici l&#8217;histoire de l&#8217;\u00e9quipe nationale du S\u00e9n\u00e9gal&nbsp;<\/p>\n\n\n\n<p>Fond\u00e9 en 1963 et malgr\u00e9 un effectif tr\u00e8s riche au fil des ann\u00e9es, le S\u00e9n\u00e9gal n&#8217;a pas eu la chance de briller lors des tournois continentaux et internationaux. Apr\u00e8s avoir \u00e9chou\u00e9 plusieurs fois en quart de finale de la Coupe d&#8217;Afrique des Nations, il parvient \u00e0 atteindre une premi\u00e8re finale lors de l&#8217;\u00e9dition 2022. Ce r\u00e9sultat constitue la meilleure performance s\u00e9n\u00e9galaise dans cette comp\u00e9tition.<\/p>\n\n\n\n<figure class=\"wp-block-image aligncenter size-full\"><img loading=\"lazy\" decoding=\"async\" width=\"1024\" height=\"738\" src=\"http:\/\/dakarfoot.com\/wp-content\/uploads\/2022\/08\/main-2.jpg\" alt=\"\u00c9quipe du S\u00e9n\u00e9gal\" class=\"wp-image-11\" srcset=\"https:\/\/dakarfoot.com\/wp-content\/uploads\/2022\/08\/main-2.jpg 1024w, https:\/\/dakarfoot.com\/wp-content\/uploads\/2022\/08\/main-2-300x216.jpg 300w, https:\/\/dakarfoot.com\/wp-content\/uploads\/2022\/08\/main-2-768x554.jpg 768w\" sizes=\"auto, (max-width: 1024px) 100vw, 1024px\" \/><\/figure>\n\n\n\n<p>La m\u00eame ann\u00e9e, le S\u00e9n\u00e9gal r\u00e9alise une belle performance en Coupe du Monde apr\u00e8s avoir battu entre autres l&#8217;\u00e9quipe de France championne du Monde avant de s&#8217;incliner en quart de finale face \u00e0 la Turquie. Une comp\u00e9tition durant laquelle les joueurs tels que El Hadj Diouf, Salif Diao et Khalilou Fadiga ont particuli\u00e8rement brill\u00e9.<\/p>\n\n\n\n<p>Malgr\u00e9 une superbe g\u00e9n\u00e9ration dor\u00e9e et une succession d&#8217;entra\u00eeneur, le S\u00e9n\u00e9gal encha\u00eene plusieurs contre performances lors des phases finales de Coupe d&#8217;Afrique des Nations.&nbsp;<\/p>\n\n\n\n<figure class=\"wp-block-image aligncenter size-large\"><img loading=\"lazy\" decoding=\"async\" width=\"1024\" height=\"768\" src=\"http:\/\/dakarfoot.com\/wp-content\/uploads\/2022\/08\/senegal-national-football-team-wallpapers-39825-8007014-1024x768.jpg\" alt=\"\u00c9quipe du S\u00e9n\u00e9gal\" class=\"wp-image-13\" srcset=\"https:\/\/dakarfoot.com\/wp-content\/uploads\/2022\/08\/senegal-national-football-team-wallpapers-39825-8007014-1024x768.jpg 1024w, https:\/\/dakarfoot.com\/wp-content\/uploads\/2022\/08\/senegal-national-football-team-wallpapers-39825-8007014-300x225.jpg 300w, https:\/\/dakarfoot.com\/wp-content\/uploads\/2022\/08\/senegal-national-football-team-wallpapers-39825-8007014-768x576.jpg 768w, https:\/\/dakarfoot.com\/wp-content\/uploads\/2022\/08\/senegal-national-football-team-wallpapers-39825-8007014-1536x1152.jpg 1536w, https:\/\/dakarfoot.com\/wp-content\/uploads\/2022\/08\/senegal-national-football-team-wallpapers-39825-8007014.jpg 2048w\" sizes=\"auto, (max-width: 1024px) 100vw, 1024px\" \/><\/figure>\n\n\n\n<p>Pour sa deuxi\u00e8me participation \u00e0 une phase finale de Coupe du Monde, en Russie en 2018 plus pr\u00e9cis\u00e9ment, le S\u00e9n\u00e9gal est \u00e9limin\u00e9 d\u00e8s la phase de groupe de mani\u00e8re in\u00e9dite. Un groupe compos\u00e9 de la Pologne, du Japon et de la Colombie.<\/p>\n\n\n\n<figure class=\"wp-block-image aligncenter size-large\"><img loading=\"lazy\" decoding=\"async\" width=\"1024\" height=\"675\" src=\"http:\/\/dakarfoot.com\/wp-content\/uploads\/2022\/08\/senegal_1-1024x675.jpg\" alt=\"\u00c9quipe du S\u00e9n\u00e9gal\" class=\"wp-image-14\" srcset=\"https:\/\/dakarfoot.com\/wp-content\/uploads\/2022\/08\/senegal_1-1024x675.jpg 1024w, https:\/\/dakarfoot.com\/wp-content\/uploads\/2022\/08\/senegal_1-300x198.jpg 300w, https:\/\/dakarfoot.com\/wp-content\/uploads\/2022\/08\/senegal_1-768x506.jpg 768w, https:\/\/dakarfoot.com\/wp-content\/uploads\/2022\/08\/senegal_1.jpg 1260w\" sizes=\"auto, (max-width: 1024px) 100vw, 1024px\" \/><\/figure>\n\n\n\n<p>Les S\u00e9n\u00e9galais ont en effet re\u00e7u deux cartons jaunes de plus que les Japonais et sont donc d\u00e9pass\u00e9s au classement en raison du fair-play. Les deux \u00e9quipes perdent 1-0, et se retrouvent donc dans une situation in\u00e9dite, puisque pour la premi\u00e8re fois, deux \u00e9quipes sont d\u00e9partag\u00e9es au fair-play. (cette r\u00e8gle n&#8217;existait pas lors des Coupes du monde pr\u00e9c\u00e9dentes). Le S\u00e9n\u00e9gal n&#8217;est ainsi pas pqualifi\u00e9 pour le tour suivant.<\/p>\n\n\n\n<p>Apr\u00e8s cet \u00e9chec en Coupe, les Lions de la Teranga, emmen\u00e9s par Aliou Ciss\u00e9 changent de dimension. Avec un effectif XXL avec des joueurs \u00e9voluant dans les meilleurs clubs d&#8217;Europe, le S\u00e9n\u00e9gal parvient \u00e0 atteindre la finale de la Coupe d&#8217;Afrique des Nations en 2019 avant de remporter pour la premi\u00e8re de son histoire l&#8217;\u00e9dition de 2021 en terre camerounaise apr\u00e8s une victoire face \u00e0 l&#8217;Egypte aux tirs buts.<\/p>\n\n\n<p><iframe loading=\"lazy\" width=\"560\" height=\"315\" src=\"https:\/\/www.youtube.com\/embed\/RG1oFkrjPd4\" title=\"YouTube video player\" frameborder=\"0\" allow=\"accelerometer; autoplay; clipboard-write; encrypted-media; gyroscope; picture-in-picture\" allowfullscreen=\"\"><\/iframe><\/p>\n\n\n<p><strong>Parcours lors de la CAN 2022,&nbsp;<\/strong><\/p>\n\n\n\n<p>Apr\u00e8s avoir \u00e9chou\u00e9 en finale en 2002 et en 2019, le S\u00e9n\u00e9gal remporte enfin la coupe tant convoit\u00e9e. Men\u00e9s par Sadio Man\u00e9, les Lions de la T\u00e9ranga ont battu l\u2019\u00c9gypte aux tirs au but, apr\u00e8s un match au suspens haletant, pendant lequel ils ont largement domin\u00e9 sans pouvoir marquer.<\/p>\n\n\n\n<figure class=\"wp-block-image aligncenter size-full\"><img loading=\"lazy\" decoding=\"async\" width=\"1020\" height=\"650\" src=\"http:\/\/dakarfoot.com\/wp-content\/uploads\/2022\/08\/senegal_2.jpg\" alt=\"\u00c9quipe du S\u00e9n\u00e9gal\" class=\"wp-image-12\" srcset=\"https:\/\/dakarfoot.com\/wp-content\/uploads\/2022\/08\/senegal_2.jpg 1020w, https:\/\/dakarfoot.com\/wp-content\/uploads\/2022\/08\/senegal_2-300x191.jpg 300w, https:\/\/dakarfoot.com\/wp-content\/uploads\/2022\/08\/senegal_2-768x489.jpg 768w\" sizes=\"auto, (max-width: 1020px) 100vw, 1020px\" \/><figcaption> \u00c9quipe du S\u00e9n\u00e9gal<\/figcaption><\/figure>\n\n\n\n<p>Le d\u00e9but de la comp\u00e9tition n&#8217;a pourtant pas \u00e9t\u00e9 facile pour les Lions, qui ont d\u00fb batailler dur avant de se d\u00e9faire du Zimbabwe sur un penalty en toute fin de rencontre transform\u00e9 par Sadio Man\u00e9. S&#8217;en est suivi deux rencontres nulles, face \u00e0 la Guin\u00e9e puis le Malawi.&nbsp;<\/p>\n\n\n\n<p>En huiti\u00e8me de finale, le S\u00e9n\u00e9gal a facilement \u00e9ject\u00e9 le Cap-Vert avant de s&#8217;offrir au tour suivant la Guin\u00e9e \u00c9quatoriale. Oppos\u00e9s au Burkina Faso en demi-finale, Sadio Man\u00e9 et ses co\u00e9quipiers n&#8217;ont pas eu du mal \u00e0 se d\u00e9faire des \u00c9talons avant de battre l&#8217;Egypte en finale.<\/p>\n\n\n\n<p><strong>Quel est le Palmar\u00e8s du S\u00e9n\u00e9gal,&nbsp;<\/strong><\/p>\n\n\n\n<p>Coupe du monde de la FIFA<\/p>\n\n\n\n<p>Quart de finaliste en 2002.<\/p>\n\n\n\n<p>Coupe d&#8217;Afrique des nations (1)<\/p>\n\n\n\n<p>Vainqueur en 2021.<\/p>\n\n\n\n<p>Finaliste en 2002 et 2019.<\/p>\n\n\n\n<p>Coupe des nations de l&#8217;UFOA (1)<\/p>\n\n\n\n<p>Vainqueur en 2019.<\/p>\n\n\n\n<p>Finaliste en 2010 et 2013.<\/p>\n\n\n\n<p>Jeux de l&#8217;Amiti\u00e9 (1)<\/p>\n\n\n\n<p>Vainqueur en 1963.<\/p>\n\n\n\n<p>Jeux africains (1)<\/p>\n\n\n\n<p>Vainqueur en 2015.<\/p>\n\n\n\n<p>Jeux de la Francophonie<\/p>\n\n\n\n<p>Finaliste en 2005<\/p>\n","protected":false},"excerpt":{"rendered":"<p>Championne d&#8217;Afrique en titre apr\u00e8s une victoire en finale de CAN en f\u00e9vrier 2022 face \u00e0 l&#8217;\u00c9gypte, l&#8217;\u00e9quipe nationale du S\u00e9n\u00e9gal fait partie des . Elle a vu passer au fil du temps d&#8217;immenses joueurs, Henri Camara, El Hadji Diouf ou encore Papa Bouba Diop. Son palmar\u00e8s, ses anciens joueurs et entra\u00eeneurs, voici l&#8217;histoire de [&hellip;]<\/p>\n","protected":false},"author":2,"featured_media":0,"parent":0,"menu_order":0,"comment_status":"closed","ping_status":"closed","template":"","meta":{"om_disable_all_campaigns":false,"_monsterinsights_skip_tracking":false,"_monsterinsights_sitenote_active":false,"_monsterinsights_sitenote_note":"","_monsterinsights_sitenote_category":0,"footnotes":""},"class_list":["post-8","page","type-page","status-publish","hentry"],"aioseo_notices":[],"_links":{"self":[{"href":"https:\/\/dakarfoot.com\/index.php\/wp-json\/wp\/v2\/pages\/8","targetHints":{"allow":["GET"]}}],"collection":[{"href":"https:\/\/dakarfoot.com\/index.php\/wp-json\/wp\/v2\/pages"}],"about":[{"href":"https:\/\/dakarfoot.com\/index.php\/wp-json\/wp\/v2\/types\/page"}],"author":[{"embeddable":true,"href":"https:\/\/dakarfoot.com\/index.php\/wp-json\/wp\/v2\/users\/2"}],"replies":[{"embeddable":true,"href":"https:\/\/dakarfoot.com\/index.php\/wp-json\/wp\/v2\/comments?post=8"}],"version-history":[{"count":6,"href":"https:\/\/dakarfoot.com\/index.php\/wp-json\/wp\/v2\/pages\/8\/revisions"}],"predecessor-version":[{"id":21,"href":"https:\/\/dakarfoot.com\/index.php\/wp-json\/wp\/v2\/pages\/8\/revisions\/21"}],"wp:attachment":[{"href":"https:\/\/dakarfoot.com\/index.php\/wp-json\/wp\/v2\/media?parent=8"}],"curies":[{"name":"wp","href":"https:\/\/api.w.org\/{rel}","templated":true}]}}